{"id":887,"date":"2015-04-28T20:00:46","date_gmt":"2015-04-28T20:00:46","guid":{"rendered":"http:\/\/catalogosya.com\/sidenal\/?page_id=887"},"modified":"2020-02-25T18:11:52","modified_gmt":"2020-02-25T23:11:52","slug":"sidenal-y-la-desintegracion","status":"publish","type":"page","link":"https:\/\/www.sidenal.com.co\/desintegracion\/","title":{"rendered":"Sidenal y la Desintegraci\u00f3n"},"content":{"rendered":"<p>[vc_row][vc_column][vc_single_image image=\u00bb2607&#8243; img_size=\u00bb510&#215;385&#8243; alignment=\u00bbcenter\u00bb css_animation=\u00bbfadeIn\u00bb][vc_empty_space][vc_column_text el_class=\u00bbnegro\u00bb]Para la modernizaci\u00f3n del parque automotor del servicio p\u00fablico de transporte terrestre de pasajeros y de carga el Gobierno Nacional establece el mecanismo de reposici\u00f3n garantizando que se sustituyan por nuevos los veh\u00edculos que hayan cumplido su ciclo de vida \u00fatil, previa comprobaci\u00f3n del <a href=\"https:\/\/www.sidenal.com.co\/desintegracion\/tramite-de-desintegracion\">proceso de desintegraci\u00f3n<\/a> f\u00edsica total del veh\u00edculo que sale del servicio.<\/p>\n<p>Igualmente para facilitar la renovaci\u00f3n y\/o la salida de circulaci\u00f3n de veh\u00edculos particulares de tecnolog\u00eda antigua y contaminante, el <a href=\"https:\/\/www.mintransporte.gov.co\" target=\"_blank\" rel=\"noopener noreferrer\">Ministerio de Transporte<\/a> en coordinaci\u00f3n con el <a href=\"https:\/\/www.minambiente.gov.co\/\" target=\"_blank\" rel=\"noopener noreferrer\">Ministerio de Medio Ambiente<\/a>, emiti\u00f3 la <span style=\"color: #000000;\"><strong>Resoluci\u00f3n 646 del 18 de Marzo de 2014<\/strong><\/span>, reglamentando los procedimientos para la desintegraci\u00f3n y cancelaci\u00f3n de matr\u00edcula de estos automotores.<\/p>\n<p><span style=\"color: #000000;\"><strong>Definici\u00f3n de Desintegraci\u00f3n:<\/strong><\/span><br \/>\nEl <a href=\"https:\/\/www.sidenal.com.co\/desintegracion\/tramite-de-desintegracion\">proceso de desintegraci\u00f3n<\/a> f\u00edsica total com\u00fanmente llamado \u201cchatarrizaci\u00f3n\u201d consiste en la destrucci\u00f3n de todos los elementos y componentes del automotor hasta convertirlos en chatarra, por parte de una entidad desintegradora debidamente autorizada, la cual deber\u00e1 expedir un certificado acreditando la descomposici\u00f3n f\u00edsica de todos los elementos integrantes del automotor, de tal manera que garantice la inhabilitaci\u00f3n definitiva de todas las partes del mismo.<\/p>\n<p>La Ley 688 de 2001 \u201cPor medio de la cual se crea el Fondo Nacional para la Reposici\u00f3n del Parque Automotor del Servicio P\u00fablico de Transporte Terrestre\u201d, establece en su art\u00edculo 21 que todo veh\u00edculo que cumpla su ciclo de vida \u00fatil de acuerdo con lo dispuesto en la ley, deber\u00e1 ser sometido a un proceso de desintegraci\u00f3n f\u00edsica, reglamentado por el <a href=\"https:\/\/www.mintransporte.gov.co\" target=\"_blank\" rel=\"noopener noreferrer\">Ministerio de Transporte<\/a> y controlado por las autoridades competentes.<\/p>\n<p>Con base en esta atribuci\u00f3n el <a href=\"https:\/\/www.mintransporte.gov.co\" target=\"_blank\" rel=\"noopener noreferrer\">Ministerio de Transporte<\/a> expidi\u00f3 la Resoluci\u00f3n No. 2680 de 2007, reglamentando el proceso de desintegraci\u00f3n f\u00edsica de los veh\u00edculos de servicio p\u00fablico de transporte colectivo de pasajeros del radio de acci\u00f3n metropolitano, distrital y municipal en todo el territorio nacional y se\u00f1alando, entre otros aspectos , que las autoridades de transporte del orden metropolitano, distrital y municipal deber\u00e1n se\u00f1alar para efectos de la desintegraci\u00f3n de los veh\u00edculos de su jurisdicci\u00f3n, la entidad desintegradora que debe realizar el proceso y expedir el certificado.<\/p>\n<p><span style=\"color: #000000;\"><strong>Otras Resoluciones:<\/strong><\/span><br \/>\nEn virtud de lo dispuesto por el Ministerio de transporte la <a href=\"https:\/\/www.movilidadbogota.gov.co\/web\/\" target=\"_blank\" rel=\"noopener noreferrer\">Secretar\u00eda de Movilidad<\/a> expidi\u00f3 la Resoluci\u00f3n No. 381 del 10 de agosto de 2007 estableciendo el proceso de desintegraci\u00f3n f\u00edsica total de veh\u00edculos de transporte de servicio p\u00fablico individual, colectivo y masivo en el Distrito Capital.<\/p>\n<p>En el caso de reposici\u00f3n vehicular de carga, el <a href=\"https:\/\/www.mintransporte.gov.co\/\" target=\"_blank\" rel=\"noopener noreferrer\">Ministerio de Transporte<\/a> mediante Resoluci\u00f3n 3253 de 2008 establece las condiciones y procedimientos para el Registro Inicial de Veh\u00edculos al Servicio P\u00fablico y Particular de Transporte Terrestre Automotor de Carga por reposici\u00f3n y lo correspondiente a la desintegraci\u00f3n f\u00edsica total de los veh\u00edculos de esta modalidad. Posteriormente el Ministerio de Transporte emiti\u00f3 la resoluci\u00f3n 7036 del 31 de Julio de 2012 \u201cpor el cual se definen las condiciones y el procedimiento para el reconocimiento econ\u00f3mico por desintegraci\u00f3n f\u00edsica total de veh\u00edculos de servicio p\u00fablico de transporte terrestre automotor de carga\u2026\u201d<\/p>\n<p><strong>SIDER\u00daRGICA NACIONAL SIDENAL S.A.<\/strong>, acreditando y soportando el cumplimiento de los requisitos establecidos en las Resoluciones mencionadas para cada caso, est\u00e1 autorizada por la <a href=\"https:\/\/www.movilidadbogota.gov.co\/web\/\" target=\"_blank\" rel=\"noopener noreferrer\">Secretaria de Movilidad<\/a>, mediante <span style=\"color: #000000;\"><strong>Resoluci\u00f3n 400 de 25 de septiembre de 2008<\/strong><\/span>, como entidad desintegradora encargada del proceso de desintegraci\u00f3n f\u00edsica total de veh\u00edculos de servicio p\u00fablico de transporte individual, colectivo y masivo en los t\u00e9rminos y bajo las condiciones previstas en la Resoluci\u00f3n 381 del de 2007. Y por la resoluci\u00f3n <span style=\"color: #000000;\"><strong>1695 del 08 julio de 2004<\/strong><\/span> para el transporte de carga.<\/p>\n<p>Para el proceso de chatarrizaci\u00f3n la empresa dispone de instalaciones adecuadas para la desintegraci\u00f3n f\u00edsica total de los veh\u00edculos en cumplimiento de la normatividad ambiental y dem\u00e1s disposiciones legales vigentes.[\/vc_column_text][\/vc_column][\/vc_row]<\/p>\n","protected":false},"excerpt":{"rendered":"<p>[vc_row][vc_column][vc_single_image image=\u00bb2607&#8243; img_size=\u00bb510&#215;385&#8243; alignment=\u00bbcenter\u00bb css_animation=\u00bbfadeIn\u00bb][vc_empty_space][vc_column_text el_class=\u00bbnegro\u00bb]Para la modernizaci\u00f3n del parque automotor del servicio p\u00fablico de transporte terrestre de pasajeros y de &#8230;<\/p>\n","protected":false},"author":8,"featured_media":0,"parent":0,"menu_order":0,"comment_status":"open","ping_status":"open","template":"","meta":{"footnotes":""},"class_list":["post-887","page","type-page","status-publish","hentry"],"aioseo_notices":[],"_links":{"self":[{"href":"https:\/\/www.sidenal.com.co\/desintegracion\/wp-json\/wp\/v2\/pages\/887","targetHints":{"allow":["GET"]}}],"collection":[{"href":"https:\/\/www.sidenal.com.co\/desintegracion\/wp-json\/wp\/v2\/pages"}],"about":[{"href":"https:\/\/www.sidenal.com.co\/desintegracion\/wp-json\/wp\/v2\/types\/page"}],"author":[{"embeddable":true,"href":"https:\/\/www.sidenal.com.co\/desintegracion\/wp-json\/wp\/v2\/users\/8"}],"replies":[{"embeddable":true,"href":"https:\/\/www.sidenal.com.co\/desintegracion\/wp-json\/wp\/v2\/comments?post=887"}],"version-history":[{"count":14,"href":"https:\/\/www.sidenal.com.co\/desintegracion\/wp-json\/wp\/v2\/pages\/887\/revisions"}],"predecessor-version":[{"id":2645,"href":"https:\/\/www.sidenal.com.co\/desintegracion\/wp-json\/wp\/v2\/pages\/887\/revisions\/2645"}],"wp:attachment":[{"href":"https:\/\/www.sidenal.com.co\/desintegracion\/wp-json\/wp\/v2\/media?parent=887"}],"curies":[{"name":"wp","href":"https:\/\/api.w.org\/{rel}","templated":true}]}}